{"id":3296,"date":"2024-04-20T10:38:08","date_gmt":"2024-04-20T10:38:08","guid":{"rendered":"https:\/\/topdeisa.com\/product\/antipuntura-latte-corpo-100-ml\/"},"modified":"2025-03-18T12:17:09","modified_gmt":"2025-03-18T12:17:09","slug":"antipuntura-latte-corpo-100-ml","status":"publish","type":"product","link":"https:\/\/topdeisa.com\/it\/prodotto\/antipuntura-latte-corpo-100-ml\/","title":{"rendered":"Latte anti-puntura per bambini 100ml"},"content":{"rendered":"[vc_row type=\"in_container\" full_screen_row_position=\"middle\" column_margin=\"default\" column_direction=\"default\" column_direction_tablet=\"default\" column_direction_phone=\"default\" scene_position=\"center\" top_padding=\"0&#8243; text_color=\"dark\" text_align=\"left\" row_border_radius=\"none\" row_border_radius_applies=\"bg\" overflow=\"visible\" overlay_strength=\"0.3&#8243; gradient_direction=\"left_to_right\" shape_divider_position=\"bottom\" bg_image_animation=\"none\" gradient_type=\"default\" shape_type=\"\"][vc_column column_padding=\"no-extra-padding\" column_padding_tablet=\"inherit\" column_padding_phone=\"inherit\" column_padding_position=\"all\" column_element_direction_desktop=\"default\" column_element_spacing=\"default\" desktop_text_alignment=\"default\" tablet_text_alignment=\"default\" phone_text_alignment=\"default\" background_color_opacity=\"1&#8243; background_hover_color_opacity=\"1&#8243; column_backdrop_filter=\"none\" column_shadow=\"none\" column_border_radius=\"none\" column_link_target=\"_self\" column_position=\"default\" gradient_direction=\"left_to_right\" overlay_strength=\"0.3&#8243; width=\"1\/1&#8243; tablet_width_inherit=\"default\" animation_type=\"default\" bg_image_animation=\"none\" border_type=\"simple\" column_border_width=\"none\" column_border_style=\"solid\"][image_with_animation image_url=\"2019&#8243; image_size=\"medium\" animation_type=\"entrance\" animation=\"None\" animation_movement_type=\"transform_y\" hover_animation=\"none\" alignment=\"\" border_radius=\"none\" box_shadow=\"none\" image_loading=\"default\" max_width=\"100%\" max_width_mobile=\"default\"][\/vc_column][\/vc_row][vc_row type=\"in_container\" full_screen_row_position=\"middle\" column_margin=\"default\" column_direction=\"default\" column_direction_tablet=\"default\" column_direction_phone=\"default\" scene_position=\"center\" bottom_padding=\"0&#8243; text_color=\"dark\" text_align=\"left\" row_border_radius=\"none\" row_border_radius_applies=\"bg\" overflow=\"visible\" overlay_strength=\"0.3&#8243; gradient_direction=\"left_to_right\" shape_divider_position=\"bottom\" bg_image_animation=\"none\" gradient_type=\"default\" shape_type=\"\"][vc_column column_padding=\"no-extra-padding\" column_padding_tablet=\"inherit\" column_padding_phone=\"inherit\" column_padding_position=\"all\" column_element_direction_desktop=\"default\" column_element_spacing=\"default\" desktop_text_alignment=\"default\" tablet_text_alignment=\"default\" phone_text_alignment=\"default\" background_color_opacity=\"1&#8243; background_hover_color_opacity=\"1&#8243; column_backdrop_filter=\"none\" column_shadow=\"none\" column_border_radius=\"none\" column_link_target=\"_self\" column_position=\"default\" gradient_direction=\"left_to_right\" overlay_strength=\"0.3&#8243; width=\"1\/1&#8243; tablet_width_inherit=\"default\" animation_type=\"default\" bg_image_animation=\"none\" border_type=\"simple\" column_border_width=\"none\" column_border_style=\"solid\"][vc_custom_heading text=\"Informazioni pi\u00f9 dettagliate sul prodotto\" font_container=\"tag:h2|font_size:20|text_align:left\" google_fonts=\"font_family:Open%20Sans%3A300%2C300italic%2Cregular%2Citalic%2C600%2C600italic%2C700%2C700italic%2C800%2C800italic|font_style:400%20regular%3A400%3Anormal\"][divider line_type=\"Small Line\" line_alignment=\"default\" line_thickness=\"1&#8243; divider_color=\"default\"][vc_column_text]\n<h6>Zig Zag Milk \u00e8 un efficace repellente per insetti, studiato per proteggere l&#8217;intera famiglia dalle punture di insetti in qualsiasi momento del giorno e della notte. Un rimedio efficace contro le punture di zanzara, le zanzare tigre e le punture di zecche. Grazie alla sua formula delicata contenente Aloe vera e alle sue propriet\u00e0 protettive, il latte \u00e8 perfetto per proteggersi dagli insetti e prendersi cura della pelle. Adatto ai bambini a partire da 1 anno di et\u00e0.   <\/h6>\n[\/vc_column_text][\/vc_column][\/vc_row]\n","protected":false},"excerpt":{"rendered":"<p>Il latte come repellente per insetti \u00e8 studiato per proteggerti dalle punture di insetti in qualsiasi momento del giorno e della notte.<\/p>\n","protected":false},"featured_media":3793,"template":"","meta":[],"product_brand":[],"product_cat":[100,94],"product_tag":[],"class_list":{"0":"post-3296","1":"product","2":"type-product","3":"status-publish","4":"has-post-thumbnail","6":"product_cat-pelli-sensibili","7":"product_cat-zig-zag-it","9":"first","10":"instock","11":"shipping-taxable","12":"product-type-simple"},"jetpack_sharing_enabled":true,"_links":{"self":[{"href":"https:\/\/topdeisa.com\/it\/wp-json\/wp\/v2\/product\/3296","targetHints":{"allow":["GET"]}}],"collection":[{"href":"https:\/\/topdeisa.com\/it\/wp-json\/wp\/v2\/product"}],"about":[{"href":"https:\/\/topdeisa.com\/it\/wp-json\/wp\/v2\/types\/product"}],"wp:featuredmedia":[{"embeddable":true,"href":"https:\/\/topdeisa.com\/it\/wp-json\/wp\/v2\/media\/3793"}],"wp:attachment":[{"href":"https:\/\/topdeisa.com\/it\/wp-json\/wp\/v2\/media?parent=3296"}],"wp:term":[{"taxonomy":"product_brand","embeddable":true,"href":"https:\/\/topdeisa.com\/it\/wp-json\/wp\/v2\/product_brand?post=3296"},{"taxonomy":"product_cat","embeddable":true,"href":"https:\/\/topdeisa.com\/it\/wp-json\/wp\/v2\/product_cat?post=3296"},{"taxonomy":"product_tag","embeddable":true,"href":"https:\/\/topdeisa.com\/it\/wp-json\/wp\/v2\/product_tag?post=3296"}],"curies":[{"name":"wp","href":"https:\/\/api.w.org\/{rel}","templated":true}]}}