{"id":3218,"date":"2023-05-31T10:33:05","date_gmt":"2023-05-31T10:33:05","guid":{"rendered":"https:\/\/topdeisa.com\/chi-siamo\/"},"modified":"2025-03-18T12:19:19","modified_gmt":"2025-03-18T12:19:19","slug":"chi-siamo","status":"publish","type":"page","link":"https:\/\/topdeisa.com\/it\/chi-siamo\/","title":{"rendered":"Chi siamo"},"content":{"rendered":"[vc_row type=\"in_container\" full_screen_row_position=\"middle\" column_margin=\"default\" column_direction=\"default\" column_direction_tablet=\"default\" column_direction_phone=\"default\" scene_position=\"center\" top_padding=\"6%\" text_color=\"dark\" text_align=\"left\" row_border_radius=\"none\" row_border_radius_applies=\"bg\" overflow=\"visible\" overlay_strength=\"0.3&#8243; gradient_direction=\"left_to_right\" shape_divider_position=\"bottom\" bg_image_animation=\"none\" gradient_type=\"default\" shape_type=\"\"][vc_column column_padding=\"no-extra-padding\" column_padding_tablet=\"inherit\" column_padding_phone=\"inherit\" column_padding_position=\"all\" column_element_direction_desktop=\"default\" column_element_spacing=\"default\" desktop_text_alignment=\"default\" tablet_text_alignment=\"default\" phone_text_alignment=\"default\" background_color_opacity=\"1&#8243; background_hover_color_opacity=\"1&#8243; column_backdrop_filter=\"none\" column_shadow=\"none\" column_border_radius=\"none\" column_link_target=\"_self\" column_position=\"default\" gradient_direction=\"left_to_right\" overlay_strength=\"0.3&#8243; width=\"1\/1&#8243; tablet_width_inherit=\"default\" animation_type=\"default\" bg_image_animation=\"none\" border_type=\"simple\" column_border_width=\"none\" column_border_style=\"solid\"][vc_custom_heading text=\"Chi siamo\" font_container=\"tag:h5|text_align:center|color:%23bfbfbf\" use_theme_fonts=\"yes\" css=\".vc_custom_1685452686907{margin-bottom: 10px !important;}\"][vc_custom_heading text=\"Top Deisa\" font_container=\"tag:h1|text_align:center\" google_fonts=\"font_family:Open%20Sans%3A300%2C300italic%2Cregular%2Citalic%2C600%2C600italic%2C700%2C700italic%2C800%2C800italic|font_style:400%20regular%3A400%3Anormal\" css=\".vc_custom_1685452657414{padding-bottom: 40px !important;}\"][vc_column_text]\n<h6>Fondata nel 2014. Con uno stabilimento produttivo a Lajkovac, Top Deisa doo \u00e8 una filiale dell&#8217;azienda a conduzione familiare Deisa Ebano, con sede in Italia, fondata dalla famiglia Rossi nel 1926. e che ora \u00e8 gestita con successo e dedizione dalla terza generazione della famiglia.<\/h6>\n[\/vc_column_text][vc_column_text css=\".vc_custom_1685527753167{padding-top: 20px !important;}\"]\n<h6>La nostra fabbrica si estende su una superficie di circa 14.000 m2 e si trova nella zona industriale di Lajkovac, vicino a Valjevo, a circa 60 km da Belgrado.<\/h6>\n[\/vc_column_text][image_with_animation image_url=\"2432&#8243; image_size=\"full\" animation_type=\"entrance\" animation=\"None\" animation_movement_type=\"transform_y\" hover_animation=\"none\" alignment=\"\" border_radius=\"none\" box_shadow=\"none\" image_loading=\"default\" max_width=\"100%\" max_width_mobile=\"default\"][\/vc_column][\/vc_row][vc_row type=\"full_width_background\" full_screen_row_position=\"middle\" column_margin=\"default\" column_direction=\"default\" column_direction_tablet=\"default\" column_direction_phone=\"default\" bg_color=\"#ffffff\" scene_position=\"center\" top_padding=\"1%\" bottom_padding=\"1%\" text_color=\"dark\" text_align=\"left\" row_border_radius=\"none\" row_border_radius_applies=\"bg\" overflow=\"visible\" overlay_strength=\"1&#8243; gradient_direction=\"left_to_right\" shape_divider_position=\"bottom\" bg_image_animation=\"none\" shape_type=\"\" gradient_type=\"default\"][vc_column column_padding=\"no-extra-padding\" column_padding_tablet=\"inherit\" column_padding_phone=\"inherit\" column_padding_position=\"all\" column_element_direction_desktop=\"default\" column_element_spacing=\"default\" desktop_text_alignment=\"default\" tablet_text_alignment=\"default\" phone_text_alignment=\"default\" background_color_opacity=\"1&#8243; background_hover_color_opacity=\"1&#8243; column_backdrop_filter=\"none\" column_shadow=\"none\" column_border_radius=\"none\" column_link_target=\"_self\" column_position=\"default\" gradient_direction=\"left_to_right\" overlay_strength=\"0.3&#8243; width=\"1\/1&#8243; tablet_width_inherit=\"default\" animation_type=\"default\" bg_image_animation=\"none\" border_type=\"simple\" column_border_width=\"none\" column_border_style=\"solid\"][vc_row_inner column_margin=\"default\" column_direction=\"default\" column_direction_tablet=\"default\" column_direction_phone=\"default\" text_align=\"left\" row_position=\"default\" row_position_tablet=\"inherit\" row_position_phone=\"inherit\" overflow=\"visible\" pointer_events=\"all\"][vc_column_inner column_padding=\"no-extra-padding\" column_padding_tablet=\"inherit\" column_padding_phone=\"inherit\" column_padding_position=\"all\" column_element_direction_desktop=\"default\" column_element_spacing=\"default\" desktop_text_alignment=\"default\" tablet_text_alignment=\"default\" phone_text_alignment=\"default\" background_color_opacity=\"1&#8243; background_hover_color_opacity=\"1&#8243; column_backdrop_filter=\"none\" column_shadow=\"none\" column_border_radius=\"none\" column_link_target=\"_self\" overflow=\"visible\" gradient_direction=\"left_to_right\" overlay_strength=\"0.3&#8243; width=\"1\/1&#8243; tablet_width_inherit=\"default\" animation_type=\"default\" bg_image_animation=\"none\" border_type=\"simple\" column_border_width=\"none\" column_border_style=\"solid\"][vc_custom_heading text=\"La qualit\u00e0 prima della quantit\u00e0\" font_container=\"tag:h5|text_align:left|color:rgba(0%2C0%2C0%2C0.78)\" use_theme_fonts=\"yes\" css=\".vc_custom_1685528138529{margin-bottom: 10px !important;}\"][split_line_heading animation_type=\"default\"]\n<h3>Top Deisa \u00e8 impegnata nella produzione<\/h3>\n<h3>e vendita di prodotti per:<\/h3>\n[\/split_line_heading][\/vc_column_inner][\/vc_row_inner][vc_row_inner column_margin=\"default\" column_direction=\"default\" column_direction_tablet=\"default\" column_direction_phone=\"default\" text_align=\"center\" row_position=\"default\" row_position_tablet=\"inherit\" row_position_phone=\"inherit\" overflow=\"visible\" pointer_events=\"all\"][vc_column_inner column_padding=\"padding-3-percent\" column_padding_tablet=\"inherit\" column_padding_phone=\"inherit\" column_padding_position=\"top\" column_element_direction_desktop=\"default\" column_element_spacing=\"default\" desktop_text_alignment=\"center\" tablet_text_alignment=\"default\" phone_text_alignment=\"default\" background_color_opacity=\"1&#8243; background_hover_color_opacity=\"1&#8243; column_backdrop_filter=\"none\" column_shadow=\"none\" column_border_radius=\"none\" column_link_target=\"_self\" overflow=\"visible\" gradient_direction=\"left_to_right\" overlay_strength=\"0.3&#8243; width=\"1\/3&#8243; tablet_width_inherit=\"default\" animation_type=\"default\" enable_animation=\"true\" animation=\"fade-in-from-bottom\" animation_easing=\"default\" bg_image_animation=\"none\" border_type=\"simple\" column_border_width=\"none\" column_border_style=\"solid\" column_padding_type=\"default\" gradient_type=\"default\"][nectar_icon icon_family=\"iconsmind\" icon_style=\"soft-bg\" icon_color_type=\"custom\" icon_color_custom=\"#ff3030&#8243; icon_padding=\"10px\" pointer_events=\"all\" icon_iconsmind=\"iconsmind-Running-Shoes\" icon_size=\"40&#8243; margin_bottom=\"30&#8243;][vc_column_text]\n<h4 style=\"text-align: center;\">Cura delle scarpe<\/h4>\n<p style=\"text-align: center;\">Marchi Ebano, Calzanetto e TOP 1926<\/p>\n[\/vc_column_text][\/vc_column_inner][vc_column_inner column_padding=\"padding-3-percent\" column_padding_tablet=\"inherit\" column_padding_phone=\"inherit\" column_padding_position=\"top\" column_element_direction_desktop=\"default\" column_element_spacing=\"default\" centered_text=\"true\" desktop_text_alignment=\"default\" tablet_text_alignment=\"default\" phone_text_alignment=\"default\" background_color_opacity=\"1&#8243; background_hover_color_opacity=\"1&#8243; column_backdrop_filter=\"none\" column_shadow=\"none\" column_border_radius=\"none\" column_link_target=\"_self\" overflow=\"visible\" gradient_direction=\"left_to_right\" overlay_strength=\"0.3&#8243; width=\"1\/3&#8243; tablet_width_inherit=\"default\" animation_type=\"default\" enable_animation=\"true\" animation=\"fade-in-from-bottom\" animation_easing=\"default\" bg_image_animation=\"none\" border_type=\"simple\" column_border_width=\"none\" column_border_style=\"solid\" delay=\"100&#8243; column_padding_type=\"default\" gradient_type=\"default\"][nectar_icon icon_family=\"iconsmind\" icon_style=\"soft-bg\" icon_color_type=\"custom\" icon_color_custom=\"#ff3f3f\" icon_padding=\"10px\" pointer_events=\"all\" icon_iconsmind=\"iconsmind-Cancer-2&#8243; icon_size=\"40&#8243; margin_bottom=\"30&#8243;][vc_column_text]\n<h4>Insetticida<\/h4>\n<p>Marchi Zig Zag[\/vc_column_text][\/vc_column_inner][vc_column_inner column_padding=\"padding-3-percent\" column_padding_tablet=\"inherit\" column_padding_phone=\"inherit\" column_padding_position=\"top\" column_element_direction_desktop=\"default\" column_element_spacing=\"default\" centered_text=\"true\" desktop_text_alignment=\"default\" tablet_text_alignment=\"default\" phone_text_alignment=\"default\" background_color_opacity=\"1&#8243; background_hover_color_opacity=\"1&#8243; column_backdrop_filter=\"none\" column_shadow=\"none\" column_border_radius=\"none\" column_link_target=\"_self\" overflow=\"visible\" gradient_direction=\"left_to_right\" overlay_strength=\"0.3&#8243; width=\"1\/3&#8243; tablet_width_inherit=\"default\" animation_type=\"default\" enable_animation=\"true\" animation=\"fade-in-from-bottom\" animation_easing=\"default\" bg_image_animation=\"none\" border_type=\"simple\" column_border_width=\"none\" column_border_style=\"solid\" delay=\"200&#8243; column_padding_type=\"default\" gradient_type=\"default\"][nectar_icon icon_family=\"iconsmind\" icon_style=\"soft-bg\" icon_color_type=\"custom\" icon_color_custom=\"#ff3f3f\" icon_padding=\"10px\" pointer_events=\"all\" icon_iconsmind=\"iconsmind-Home\" icon_size=\"40&#8243; margin_bottom=\"30&#8243;][vc_column_text]\n<h4>Servizi di pulizia<\/h4>\n<p>Marca Profumo Puro[\/vc_column_text][\/vc_column_inner][\/vc_row_inner][\/vc_column][\/vc_row][vc_row type=\"in_container\" full_screen_row_position=\"middle\" column_margin=\"default\" column_direction=\"default\" column_direction_tablet=\"default\" column_direction_phone=\"default\" scene_position=\"center\" top_padding=\"3%\" text_color=\"dark\" text_align=\"left\" row_border_radius=\"none\" row_border_radius_applies=\"bg\" overflow=\"visible\" overlay_strength=\"0.3&#8243; gradient_direction=\"left_to_right\" shape_divider_position=\"bottom\" bg_image_animation=\"none\" gradient_type=\"default\" shape_type=\"\"][vc_column column_padding=\"no-extra-padding\" column_padding_tablet=\"inherit\" column_padding_phone=\"inherit\" column_padding_position=\"all\" column_element_direction_desktop=\"default\" column_element_spacing=\"default\" desktop_text_alignment=\"default\" tablet_text_alignment=\"default\" phone_text_alignment=\"default\" background_color_opacity=\"1&#8243; background_hover_color_opacity=\"1&#8243; column_backdrop_filter=\"none\" column_shadow=\"none\" column_border_radius=\"none\" column_link_target=\"_self\" column_position=\"default\" gradient_direction=\"left_to_right\" overlay_strength=\"0.3&#8243; width=\"1\/1&#8243; tablet_width_inherit=\"default\" animation_type=\"default\" bg_image_animation=\"none\" border_type=\"simple\" column_border_width=\"none\" column_border_style=\"solid\"][vc_column_text css=\".vc_custom_1685527753167{padding-top: 20px !important;}\"]\n<h6>La nostra fabbrica si estende su una superficie di circa 14.000 m2 e si trova nella zona industriale di Lajkovac, vicino a Valjevo, a circa 60 km da Belgrado.<\/h6>\n[\/vc_column_text][vc_column_text]\n<h6><strong>La Politica della Qualit\u00e0<\/strong> ( <a href=\"https:\/\/topdeisa.com\/wp-content\/uploads\/2023\/06\/Azururana-politika-kvaliteta.pdf\" target=\"_blank\" rel=\"noopener\"><span style=\"color: #ff0000;\">PDF<\/span><\/a> ) \u00e8 espressione delle scelte strategiche adottate dal top management per garantire una produzione che risponda e soddisfi le esigenze del segmento di mercato in cui opera l\u2019azienda.<\/h6>\n[\/vc_column_text][\/vc_column][\/vc_row][vc_row type=\"full_width_background\" full_screen_row_position=\"middle\" column_margin=\"default\" equal_height=\"yes\" content_placement=\"middle\" column_direction=\"default\" column_direction_tablet=\"default\" column_direction_phone=\"default\" bg_color=\"#ffffff\" scene_position=\"center\" top_padding=\"3%\" constrain_group_1=\"yes\" bottom_padding=\"3%\" left_padding_tablet=\"10px\" constrain_group_4=\"yes\" right_padding_tablet=\"10px\" left_padding_phone=\"5px\" constrain_group_6=\"yes\" right_padding_phone=\"5px\" text_color=\"dark\" text_align=\"left\" row_border_radius=\"none\" row_border_radius_applies=\"bg\" overflow=\"visible\" id=\"steps\" row_name=\"Sign Up Steps\" overlay_strength=\"0.3&#8243; gradient_direction=\"left_to_right\" shape_divider_position=\"bottom\" bg_image_animation=\"none\" gradient_type=\"default\" shape_type=\"\"][vc_column column_padding=\"padding-17-percent\" column_padding_tablet=\"inherit\" column_padding_phone=\"inherit\" column_padding_position=\"left-right\" column_element_direction_desktop=\"default\" column_element_spacing=\"default\" desktop_text_alignment=\"default\" tablet_text_alignment=\"default\" phone_text_alignment=\"default\" background_color_opacity=\"1&#8243; background_hover_color_opacity=\"1&#8243; column_backdrop_filter=\"none\" column_shadow=\"none\" column_border_radius=\"none\" column_link_target=\"_self\" column_position=\"default\" gradient_direction=\"left_to_right\" overlay_strength=\"0.3&#8243; width=\"1\/1&#8243; tablet_width_inherit=\"default\" animation_type=\"default\" bg_image_animation=\"none\" border_type=\"simple\" column_border_width=\"none\" column_border_style=\"solid\" offset=\"vc_col-xs-12&#8243; column_padding_type=\"default\" gradient_type=\"default\"][vc_custom_heading text=\"La nostra missione\" font_container=\"tag:h2|text_align:center\" google_fonts=\"font_family:Open%20Sans%3A300%2C300italic%2Cregular%2Citalic%2C600%2C600italic%2C700%2C700italic%2C800%2C800italic|font_style:400%20regular%3A400%3Anormal\"][divider line_type=\"Small Line\" line_alignment=\"center\" line_thickness=\"1&#8243; divider_color=\"default\"][nectar_icon_list animate=\"true\" color=\"default\" direction=\"vertical\" icon_size=\"small\" icon_style=\"border\"][nectar_icon_list_item icon_type=\"numerical\" text_full_html=\"html\" title=\"List Item\" id=\"1689410625493-10&#8243; tab_id=\"1689410625493-2&#8243;]\n<h6>Produrre prodotti di eccellente qualit\u00e0, nel rispetto delle specifiche esigenze dei clienti, con consapevolezza della responsabilit\u00e0 ambientale, nonch\u00e9 della sicurezza, dell&#8217;etica e della responsabilit\u00e0 verso i dipendenti,<\/h6>\n[\/nectar_icon_list_item][nectar_icon_list_item icon_type=\"numerical\" text_full_html=\"html\" title=\"List Item\" id=\"1689410625506-2&#8243; tab_id=\"1689410625506-3&#8243;]\n<h6>Allineare la produzione ai requisiti relativi ai prodotti, alla sicurezza dei prodotti, alla qualit\u00e0, ai requisiti legali, ai processi e alle specifiche,<\/h6>\n[\/nectar_icon_list_item][nectar_icon_list_item icon_type=\"numerical\" text_full_html=\"html\" title=\"List Item\" id=\"1689410625510-6&#8243; tab_id=\"1689410625510-0&#8243;]\n<h6>Lavoro costante per migliorare e mantenere un elevato livello di tutela della salute e sicurezza sul lavoro<\/h6>\n[\/nectar_icon_list_item][\/nectar_icon_list][\/vc_column][\/vc_row][vc_row type=\"in_container\" full_screen_row_position=\"middle\" column_margin=\"default\" column_direction=\"default\" column_direction_tablet=\"default\" column_direction_phone=\"default\" scene_position=\"center\" top_padding=\"1%\" text_color=\"dark\" text_align=\"left\" row_border_radius=\"none\" row_border_radius_applies=\"bg\" overflow=\"visible\" overlay_strength=\"0.3&#8243; gradient_direction=\"left_to_right\" shape_divider_position=\"bottom\" bg_image_animation=\"none\" gradient_type=\"default\" shape_type=\"\"][vc_column column_padding=\"no-extra-padding\" column_padding_tablet=\"inherit\" column_padding_phone=\"inherit\" column_padding_position=\"all\" column_element_direction_desktop=\"default\" column_element_spacing=\"default\" desktop_text_alignment=\"default\" tablet_text_alignment=\"default\" phone_text_alignment=\"default\" background_color_opacity=\"1&#8243; background_hover_color_opacity=\"1&#8243; column_backdrop_filter=\"none\" column_shadow=\"none\" column_border_radius=\"none\" column_link_target=\"_self\" column_position=\"default\" gradient_direction=\"left_to_right\" overlay_strength=\"0.3&#8243; width=\"1\/1&#8243; tablet_width_inherit=\"default\" animation_type=\"default\" bg_image_animation=\"none\" border_type=\"simple\" column_border_width=\"none\" column_border_style=\"solid\"][vc_custom_heading text=\"La nostra visione\" font_container=\"tag:h2|font_size:35|text_align:center|color:%23000000&#8243; google_fonts=\"font_family:Open%20Sans%3A300%2C300italic%2Cregular%2Citalic%2C600%2C600italic%2C700%2C700italic%2C800%2C800italic|font_style:400%20regular%3A400%3Anormal\" css=\".vc_custom_1685528890640{padding-top: 0px !important;padding-bottom: 10px !important;}\"][divider line_type=\"Small Line\" line_alignment=\"center\" line_thickness=\"1&#8243; divider_color=\"default\"][\/vc_column][\/vc_row][vc_row type=\"in_container\" full_screen_row_position=\"middle\" column_margin=\"default\" column_direction=\"default\" column_direction_tablet=\"default\" column_direction_phone=\"default\" scene_position=\"center\" bottom_padding=\"10%\" text_color=\"dark\" text_align=\"left\" row_border_radius=\"none\" row_border_radius_applies=\"bg\" overflow=\"visible\" overlay_strength=\"0.3&#8243; gradient_direction=\"left_to_right\" shape_divider_position=\"bottom\" bg_image_animation=\"none\" gradient_type=\"default\" shape_type=\"\"][vc_column column_padding=\"no-extra-padding\" column_padding_tablet=\"inherit\" column_padding_phone=\"inherit\" column_padding_position=\"all\" column_element_direction_desktop=\"default\" column_element_spacing=\"default\" desktop_text_alignment=\"default\" tablet_text_alignment=\"default\" phone_text_alignment=\"default\" background_color_opacity=\"1&#8243; background_hover_color_opacity=\"1&#8243; column_backdrop_filter=\"none\" column_shadow=\"none\" column_border_radius=\"none\" column_link_target=\"_self\" column_position=\"default\" gradient_direction=\"left_to_right\" overlay_strength=\"0.3&#8243; width=\"1\/1&#8243; tablet_width_inherit=\"default\" animation_type=\"default\" bg_image_animation=\"none\" border_type=\"simple\" column_border_width=\"none\" column_border_style=\"solid\"][vc_column_text]\n<h6>Mantenere la posizione di leadership nel mercato attuale, ma anche continuare la ricerca di nuovi mercati in cui l&#8217;azienda si affermer\u00e0, con nuove tipologie di prodotti che saranno immessi sul mercato, che saranno il risultato di un continuo lavoro di miglioramento della qualit\u00e0.<\/h6>\n<h6>L&#8217;azienda \u00e8 <strong>certificata ISO 9001.<\/strong><\/h6>\n[\/vc_column_text][\/vc_column][\/vc_row]\n","protected":false},"excerpt":{"rendered":"<p>[vc_row type=\"in_container\" full_screen_row_position=\"middle\" column_margin=\"default\" column_direction=\"default\" column_direction_tablet=\"default\" column_direction_phone=\"default\" scene_position=\"center\" top_padding=\"6%\" text_color=\"dark\" text_align=\"left\" row_border_radius=\"none\" row_border_radius_applies=\"bg\" overflow=\"visible\" overlay_strength=\"0.3&#8243;&#8230;<\/p>\n","protected":false},"author":1,"featured_media":0,"parent":0,"menu_order":0,"comment_status":"closed","ping_status":"closed","template":"","meta":{"footnotes":""},"class_list":["post-3218","page","type-page","status-publish"],"jetpack_sharing_enabled":true,"_links":{"self":[{"href":"https:\/\/topdeisa.com\/it\/wp-json\/wp\/v2\/pages\/3218","targetHints":{"allow":["GET"]}}],"collection":[{"href":"https:\/\/topdeisa.com\/it\/wp-json\/wp\/v2\/pages"}],"about":[{"href":"https:\/\/topdeisa.com\/it\/wp-json\/wp\/v2\/types\/page"}],"author":[{"embeddable":true,"href":"https:\/\/topdeisa.com\/it\/wp-json\/wp\/v2\/users\/1"}],"replies":[{"embeddable":true,"href":"https:\/\/topdeisa.com\/it\/wp-json\/wp\/v2\/comments?post=3218"}],"version-history":[{"count":2,"href":"https:\/\/topdeisa.com\/it\/wp-json\/wp\/v2\/pages\/3218\/revisions"}],"predecessor-version":[{"id":4050,"href":"https:\/\/topdeisa.com\/it\/wp-json\/wp\/v2\/pages\/3218\/revisions\/4050"}],"wp:attachment":[{"href":"https:\/\/topdeisa.com\/it\/wp-json\/wp\/v2\/media?parent=3218"}],"curies":[{"name":"wp","href":"https:\/\/api.w.org\/{rel}","templated":true}]}}